{"id":192,"date":"2017-11-28T17:22:48","date_gmt":"2017-11-28T17:22:48","guid":{"rendered":"http:\/\/localhost:8085\/?page_id=192"},"modified":"2018-05-02T15:50:05","modified_gmt":"2018-05-02T15:50:05","slug":"rehabilitation","status":"publish","type":"page","link":"https:\/\/familysolutionsusa.com\/es\/services\/rehabilitation\/","title":{"rendered":"Servicios de rehabilitaci\u00f3n psicosocial"},"content":{"rendered":"<p>Los servicios de rehabilitaci\u00f3n psicosocial est\u00e1n dise\u00f1ados para preparar a los clientes para que funcionen de la manera m\u00e1s activa, adaptativa e independiente en la sociedad como sea posible y apropiado. El servicio ayuda a los clientes a fortalecer, restaurar y \/ o desarrollar las habilidades individuales, las habilidades y los apoyos ambientales necesarios para mejorar su vida personal, social, familiar, ocupacional \/ educativa, y superar el aislamiento y el retraimiento que experimentan los clientes adultos con enfermedades mentales graves y emocionalmente. ni\u00f1os y adolescentes perturbados. Este servicio ayudar\u00e1 a los clientes a asumir la responsabilidad de sus vidas y comportamientos, y mejorar\u00e1 su bienestar general.<\/p>","protected":false},"excerpt":{"rendered":"<p>Los servicios de rehabilitaci\u00f3n psicosocial est\u00e1n dise\u00f1ados para preparar a los clientes para funcionar de la manera m\u00e1s activa, adaptativa e independiente posible en la sociedad y...<\/p>","protected":false},"author":10,"featured_media":424,"parent":157,"menu_order":1,"comment_status":"closed","ping_status":"closed","template":"","meta":{"_acf_changed":false,"_monsterinsights_skip_tracking":false,"_monsterinsights_sitenote_active":false,"_monsterinsights_sitenote_note":"","_monsterinsights_sitenote_category":0,"spay_email":"","footnotes":""},"categories":[],"tags":[],"class_list":["post-192","page","type-page","status-publish","has-post-thumbnail","hentry"],"acf":[],"yoast_head":"<!-- This site is optimized with the Yoast SEO plugin v19.3 - https:\/\/yoast.com\/wordpress\/plugins\/seo\/ -->\n<title>Psychosocial Rehabilitation Services from Family Solutions USA<\/title>\n<meta name=\"robots\" content=\"index, follow, max-snippet:-1, max-image-preview:large, max-video-preview:-1\" \/>\n<link rel=\"canonical\" href=\"https:\/\/familysolutionsusa.com\/es\/services\/rehabilitation\/\" \/>\n<meta property=\"og:locale\" content=\"es_MX\" \/>\n<meta property=\"og:type\" content=\"article\" \/>\n<meta property=\"og:title\" content=\"Psychosocial Rehabilitation Services from Family Solutions USA\" \/>\n<meta property=\"og:description\" content=\"Psychosocial Rehabilitation Services are designed to prepare clients to function as actively, adaptively, and independently in society as possible and ...\" \/>\n<meta property=\"og:url\" content=\"https:\/\/familysolutionsusa.com\/es\/services\/rehabilitation\/\" \/>\n<meta property=\"og:site_name\" content=\"Family Solutions USA\" \/>\n<meta property=\"article:modified_time\" content=\"2018-05-02T15:50:05+00:00\" \/>\n<meta property=\"og:image\" content=\"https:\/\/familysolutionsusa.com\/wp-content\/uploads\/2018\/03\/family-solutions-usa_services_psychosocial-rehabilitation_1024x683.jpg\" \/>\n\t<meta property=\"og:image:width\" content=\"1024\" \/>\n\t<meta property=\"og:image:height\" content=\"683\" \/>\n\t<meta property=\"og:image:type\" content=\"image\/jpeg\" \/>\n<meta name=\"twitter:card\" content=\"summary\" \/>\n<script type=\"application\/ld+json\" class=\"yoast-schema-graph\">{\"@context\":\"https:\/\/schema.org\",\"@graph\":[{\"@type\":\"WebSite\",\"@id\":\"https:\/\/familysolutionsusa.com\/es\/#website\",\"url\":\"https:\/\/familysolutionsusa.com\/es\/\",\"name\":\"Family Solutions USA\",\"description\":\"\",\"potentialAction\":[{\"@type\":\"SearchAction\",\"target\":{\"@type\":\"EntryPoint\",\"urlTemplate\":\"https:\/\/familysolutionsusa.com\/es\/?s={search_term_string}\"},\"query-input\":\"required name=search_term_string\"}],\"inLanguage\":\"es-MX\"},{\"@type\":\"ImageObject\",\"inLanguage\":\"es-MX\",\"@id\":\"https:\/\/familysolutionsusa.com\/services\/rehabilitation\/#primaryimage\",\"url\":\"https:\/\/familysolutionsusa.com\/wp-content\/uploads\/2018\/03\/family-solutions-usa_services_psychosocial-rehabilitation_1024x683.jpg\",\"contentUrl\":\"https:\/\/familysolutionsusa.com\/wp-content\/uploads\/2018\/03\/family-solutions-usa_services_psychosocial-rehabilitation_1024x683.jpg\",\"width\":1024,\"height\":683,\"caption\":\"A happy family playing in a park after receiving behavioral therapy services at Family Solutions\"},{\"@type\":\"WebPage\",\"@id\":\"https:\/\/familysolutionsusa.com\/services\/rehabilitation\/\",\"url\":\"https:\/\/familysolutionsusa.com\/services\/rehabilitation\/\",\"name\":\"Psychosocial Rehabilitation Services from Family Solutions USA\",\"isPartOf\":{\"@id\":\"https:\/\/familysolutionsusa.com\/es\/#website\"},\"primaryImageOfPage\":{\"@id\":\"https:\/\/familysolutionsusa.com\/services\/rehabilitation\/#primaryimage\"},\"datePublished\":\"2017-11-28T17:22:48+00:00\",\"dateModified\":\"2018-05-02T15:50:05+00:00\",\"breadcrumb\":{\"@id\":\"https:\/\/familysolutionsusa.com\/services\/rehabilitation\/#breadcrumb\"},\"inLanguage\":\"es-MX\",\"potentialAction\":[{\"@type\":\"ReadAction\",\"target\":[\"https:\/\/familysolutionsusa.com\/services\/rehabilitation\/\"]}]},{\"@type\":\"BreadcrumbList\",\"@id\":\"https:\/\/familysolutionsusa.com\/services\/rehabilitation\/#breadcrumb\",\"itemListElement\":[{\"@type\":\"ListItem\",\"position\":1,\"name\":\"Home\",\"item\":\"https:\/\/familysolutionsusa.com\/\"},{\"@type\":\"ListItem\",\"position\":2,\"name\":\"Services\",\"item\":\"https:\/\/familysolutionsusa.com\/services\/\"},{\"@type\":\"ListItem\",\"position\":3,\"name\":\"Psychosocial Rehabilitation Services\"}]}]}<\/script>\n<!-- \/ Yoast SEO plugin. -->","yoast_head_json":{"title":"Servicios de rehabilitaci\u00f3n psicosocial de Family Solutions USA","robots":{"index":"index","follow":"follow","max-snippet":"max-snippet:-1","max-image-preview":"max-image-preview:large","max-video-preview":"max-video-preview:-1"},"canonical":"https:\/\/familysolutionsusa.com\/es\/services\/rehabilitation\/","og_locale":"es_MX","og_type":"article","og_title":"Psychosocial Rehabilitation Services from Family Solutions USA","og_description":"Psychosocial Rehabilitation Services are designed to prepare clients to function as actively, adaptively, and independently in society as possible and ...","og_url":"https:\/\/familysolutionsusa.com\/es\/services\/rehabilitation\/","og_site_name":"Family Solutions USA","article_modified_time":"2018-05-02T15:50:05+00:00","og_image":[{"width":1024,"height":683,"url":"https:\/\/familysolutionsusa.com\/wp-content\/uploads\/2018\/03\/family-solutions-usa_services_psychosocial-rehabilitation_1024x683.jpg","type":"image\/jpeg"}],"twitter_card":"summary","schema":{"@context":"https:\/\/schema.org","@graph":[{"@type":"WebSite","@id":"https:\/\/familysolutionsusa.com\/es\/#website","url":"https:\/\/familysolutionsusa.com\/es\/","name":"Soluciones familiares EE. UU.","description":"","potentialAction":[{"@type":"SearchAction","target":{"@type":"EntryPoint","urlTemplate":"https:\/\/familysolutionsusa.com\/es\/?s={search_term_string}"},"query-input":"required name=search_term_string"}],"inLanguage":"es-MX"},{"@type":"ImageObject","inLanguage":"es-MX","@id":"https:\/\/familysolutionsusa.com\/services\/rehabilitation\/#primaryimage","url":"https:\/\/familysolutionsusa.com\/wp-content\/uploads\/2018\/03\/family-solutions-usa_services_psychosocial-rehabilitation_1024x683.jpg","contentUrl":"https:\/\/familysolutionsusa.com\/wp-content\/uploads\/2018\/03\/family-solutions-usa_services_psychosocial-rehabilitation_1024x683.jpg","width":1024,"height":683,"caption":"A happy family playing in a park after receiving behavioral therapy services at Family Solutions"},{"@type":"WebPage","@id":"https:\/\/familysolutionsusa.com\/services\/rehabilitation\/","url":"https:\/\/familysolutionsusa.com\/services\/rehabilitation\/","name":"Servicios de rehabilitaci\u00f3n psicosocial de Family Solutions USA","isPartOf":{"@id":"https:\/\/familysolutionsusa.com\/es\/#website"},"primaryImageOfPage":{"@id":"https:\/\/familysolutionsusa.com\/services\/rehabilitation\/#primaryimage"},"datePublished":"2017-11-28T17:22:48+00:00","dateModified":"2018-05-02T15:50:05+00:00","breadcrumb":{"@id":"https:\/\/familysolutionsusa.com\/services\/rehabilitation\/#breadcrumb"},"inLanguage":"es-MX","potentialAction":[{"@type":"ReadAction","target":["https:\/\/familysolutionsusa.com\/services\/rehabilitation\/"]}]},{"@type":"BreadcrumbList","@id":"https:\/\/familysolutionsusa.com\/services\/rehabilitation\/#breadcrumb","itemListElement":[{"@type":"ListItem","position":1,"name":"Home","item":"https:\/\/familysolutionsusa.com\/"},{"@type":"ListItem","position":2,"name":"Services","item":"https:\/\/familysolutionsusa.com\/services\/"},{"@type":"ListItem","position":3,"name":"Psychosocial Rehabilitation Services"}]}]}},"_links":{"self":[{"href":"https:\/\/familysolutionsusa.com\/es\/wp-json\/wp\/v2\/pages\/192","targetHints":{"allow":["GET"]}}],"collection":[{"href":"https:\/\/familysolutionsusa.com\/es\/wp-json\/wp\/v2\/pages"}],"about":[{"href":"https:\/\/familysolutionsusa.com\/es\/wp-json\/wp\/v2\/types\/page"}],"author":[{"embeddable":true,"href":"https:\/\/familysolutionsusa.com\/es\/wp-json\/wp\/v2\/users\/10"}],"replies":[{"embeddable":true,"href":"https:\/\/familysolutionsusa.com\/es\/wp-json\/wp\/v2\/comments?post=192"}],"version-history":[{"count":0,"href":"https:\/\/familysolutionsusa.com\/es\/wp-json\/wp\/v2\/pages\/192\/revisions"}],"up":[{"embeddable":true,"href":"https:\/\/familysolutionsusa.com\/es\/wp-json\/wp\/v2\/pages\/157"}],"wp:featuredmedia":[{"embeddable":true,"href":"https:\/\/familysolutionsusa.com\/es\/wp-json\/wp\/v2\/media\/424"}],"wp:attachment":[{"href":"https:\/\/familysolutionsusa.com\/es\/wp-json\/wp\/v2\/media?parent=192"}],"wp:term":[{"taxonomy":"category","embeddable":true,"href":"https:\/\/familysolutionsusa.com\/es\/wp-json\/wp\/v2\/categories?post=192"},{"taxonomy":"post_tag","embeddable":true,"href":"https:\/\/familysolutionsusa.com\/es\/wp-json\/wp\/v2\/tags?post=192"}],"curies":[{"name":"gracias","href":"https:\/\/api.w.org\/{rel}","templated":true}]}}