{"id":37219,"date":"2023-02-10T22:40:36","date_gmt":"2023-02-10T22:40:36","guid":{"rendered":"https:\/\/familysolutionsusa.com\/?page_id=37219"},"modified":"2023-02-12T18:37:26","modified_gmt":"2023-02-12T18:37:26","slug":"lets-get-started","status":"publish","type":"page","link":"https:\/\/familysolutionsusa.com\/es\/contact-us\/lets-get-started\/","title":{"rendered":"\u00a1Empecemos!"},"content":{"rendered":"<div data-elementor-type=\"wp-page\" data-elementor-id=\"37219\" class=\"elementor elementor-37219\">\n\t\t\t\t\t\t\t\t\t<section class=\"elementor-section elementor-top-section elementor-element elementor-element-c6bf74c elementor-section-boxed elementor-section-height-default elementor-section-height-default\" data-id=\"c6bf74c\" data-element_type=\"section\">\n\t\t\t\t\t\t<div class=\"elementor-container elementor-column-gap-default\">\n\t\t\t\t\t<div class=\"elementor-column elementor-col-33 elementor-top-column elementor-element elementor-element-579ce5f\" data-id=\"579ce5f\" data-element_type=\"column\">\n\t\t\t<div class=\"elementor-widget-wrap elementor-element-populated\">\n\t\t\t\t\t\t\t\t<div class=\"elementor-element elementor-element-82d9244 elementor-widget elementor-widget-image\" data-id=\"82d9244\" data-element_type=\"widget\" data-widget_type=\"image.default\">\n\t\t\t\t<div class=\"elementor-widget-container\">\n\t\t\t<style>\/*! elementor - v3.6.2 - 04-04-2022 *\/\n.elementor-widget-image{text-align:center}.elementor-widget-image a{display:inline-block}.elementor-widget-image a img[src$=\".svg\"]{width:48px}.elementor-widget-image img{vertical-align:middle;display:inline-block}<\/style>\t\t\t\t\t\t\t\t\t\t\t\t<img loading=\"lazy\" decoding=\"async\" width=\"1024\" height=\"683\" src=\"https:\/\/familysolutionsusa.com\/wp-content\/uploads\/2018\/03\/family-solutions-usa_looking-for-help_1024x683_updated2.jpg\" class=\"attachment-1536x1536 size-1536x1536\" alt=\"A man and women receiving crisis intervention treatment through Family Solutions\" srcset=\"https:\/\/familysolutionsusa.com\/wp-content\/uploads\/2018\/03\/family-solutions-usa_looking-for-help_1024x683_updated2.jpg 1024w, https:\/\/familysolutionsusa.com\/wp-content\/uploads\/2018\/03\/family-solutions-usa_looking-for-help_1024x683_updated2-600x400.jpg 600w, https:\/\/familysolutionsusa.com\/wp-content\/uploads\/2018\/03\/family-solutions-usa_looking-for-help_1024x683_updated2-300x200.jpg 300w, https:\/\/familysolutionsusa.com\/wp-content\/uploads\/2018\/03\/family-solutions-usa_looking-for-help_1024x683_updated2-768x512.jpg 768w\" sizes=\"auto, (max-width: 1024px) 100vw, 1024px\" \/>\t\t\t\t\t\t\t\t\t\t\t\t\t\t\t<\/div>\n\t\t\t\t<\/div>\n\t\t\t\t\t<\/div>\n\t\t<\/div>\n\t\t\t\t<div class=\"elementor-column elementor-col-66 elementor-top-column elementor-element elementor-element-bcf8fe5\" data-id=\"bcf8fe5\" data-element_type=\"column\">\n\t\t\t<div class=\"elementor-widget-wrap elementor-element-populated\">\n\t\t\t\t\t\t\t\t<div class=\"elementor-element elementor-element-527d5c4 elementor-widget elementor-widget-text-editor\" data-id=\"527d5c4\" data-element_type=\"widget\" data-widget_type=\"text-editor.default\">\n\t\t\t\t<div class=\"elementor-widget-container\">\n\t\t\t<style>\/*! elementor - v3.6.2 - 04-04-2022 *\/\n.elementor-widget-text-editor.elementor-drop-cap-view-stacked .elementor-drop-cap{background-color:#818a91;color:#fff}.elementor-widget-text-editor.elementor-drop-cap-view-framed .elementor-drop-cap{color:#818a91;border:3px solid;background-color:transparent}.elementor-widget-text-editor:not(.elementor-drop-cap-view-default) .elementor-drop-cap{margin-top:8px}.elementor-widget-text-editor:not(.elementor-drop-cap-view-default) .elementor-drop-cap-letter{width:1em;height:1em}.elementor-widget-text-editor .elementor-drop-cap{float:left;text-align:center;line-height:1;font-size:50px}.elementor-widget-text-editor .elementor-drop-cap-letter{display:inline-block}<\/style>\t\t\t\t<h2><strong>\u00a1Family Solutions USA est\u00e1 aqu\u00ed para usted!<\/strong><\/h2><h4>Al enviar el formulario a continuaci\u00f3n, se lo conectar\u00e1 con un profesional de salud mental en una ciudad cercana a usted. Lo llamaremos pronto para discutir c\u00f3mo podemos ayudarlo y programar su consulta gratuita.<\/h4>\t\t\t\t\t\t<\/div>\n\t\t\t\t<\/div>\n\t\t\t\t\t<\/div>\n\t\t<\/div>\n\t\t\t\t\t\t\t<\/div>\n\t\t<\/section>\n\t\t\t\t<section class=\"elementor-section elementor-top-section elementor-element elementor-element-58d85f6 elementor-section-boxed elementor-section-height-default elementor-section-height-default\" data-id=\"58d85f6\" data-element_type=\"section\">\n\t\t\t\t\t\t<div class=\"elementor-container elementor-column-gap-default\">\n\t\t\t\t\t<div class=\"elementor-column elementor-col-100 elementor-top-column elementor-element elementor-element-82bd478\" data-id=\"82bd478\" data-element_type=\"column\">\n\t\t\t<div class=\"elementor-widget-wrap elementor-element-populated\">\n\t\t\t\t\t\t\t\t<div class=\"elementor-element elementor-element-0bafff5 elementor-widget elementor-widget-formidable\" data-id=\"0bafff5\" data-element_type=\"widget\" data-widget_type=\"formidable.default\">\n\t\t\t\t<div class=\"elementor-widget-container\">\n\t\t\t<div class=\"frm_forms  with_frm_style frm_center_submit frm_style_ad-style\" id=\"frm_form_2_container\" >\n<form enctype=\"multipart\/form-data\" method=\"post\" class=\"frm-show-form  frm_pro_form\" id=\"form_ad-referrals\" action=\"\" >\n<div class=\"frm_form_fields\">\n<fieldset>\n<legend class=\"frm_screen_reader\">Env\u00edos de referencia de AD <\/legend>\r\n\r\n<div class=\"frm_fields_container\">\n<input type=\"hidden\" name=\"frm_action\" value=\"create\" \/>\n<input type=\"hidden\" name=\"form_id\" value=\"2\" \/>\n<input type=\"hidden\" name=\"frm_hide_fields_2\" id=\"frm_hide_fields_2\" value=\"\" \/>\n<input type=\"hidden\" name=\"form_key\" value=\"ad-referrals\" \/>\n<input type=\"hidden\" name=\"item_meta[0]\" value=\"\" \/>\n<input type=\"hidden\" id=\"frm_submit_entry_2\" name=\"frm_submit_entry_2\" value=\"214c64146b\" \/><input type=\"hidden\" name=\"_wp_http_referer\" value=\"\/es\/wp-json\/wp\/v2\/pages\/37219\" \/><div id=\"frm_field_36_container\" class=\"frm_form_field form-field  frm_required_field frm_top_container\">\r\n    <label for=\"field_s8z2g2\" id=\"field_s8z2g2_label\" class=\"frm_primary_label\">Seleccionar ubicaci\u00f3n cercana\r\n        <span class=\"frm_required\" aria-hidden=\"true\">*<\/span>\r\n    <\/label>\r\n    \t\t<select name=\"item_meta[36]\" id=\"field_s8z2g2\"  data-reqmsg=\"Select Nearby Location cannot be blank.\" aria-required=\"true\" data-invmsg=\"Select Nearby Location is invalid\" aria-invalid=\"false\"  >\n\t\t<option  value=\"\" selected='selected'> <\/option><option  value=\"Baton Rouge, LA\">Baton Rouge, LA<\/option><option  value=\"Bedford Heights, OH\">Bedford Heights, OH<\/option><option  value=\"Chicago, IL\">Chicago, IL<\/option><option  value=\"Cincinnati, OH\">Cincinnati, OH<\/option><option  value=\"Cleveland, OH\">Cleveland, OH<\/option><option  value=\"Columbus, OH\">Columbus, OH<\/option><option  value=\"Houston, TX\">Houston, TX<\/option><option  value=\"Lorain, OH\">Lorain, OH<\/option><option  value=\"New Orleans, LA\">Nueva Orleans, LA<\/option><option  value=\"Nairobi, Kenya\">Nairobi, Kenia<\/option><option  value=\"Wake Forest, NC\">Wake Forest, Carolina del Norte<\/option><option  value=\"Washington, DC\">Washington DC<\/option>\t<\/select>\n\t\r\n    \r\n    \r\n<\/div>\n<div id=\"frm_field_38_container\" class=\"frm_form_field form-field  frm_required_field frm_top_container frm_first frm_half\">\r\n    <label for=\"field_qh4icy2\" id=\"field_qh4icy2_label\" class=\"frm_primary_label\">Primer nombre\r\n        <span class=\"frm_required\" aria-hidden=\"true\">*<\/span>\r\n    <\/label>\r\n    <input  type=\"text\" id=\"field_qh4icy2\" name=\"item_meta[38]\" value=\"\"  data-reqmsg=\"First Name cannot be blank.\" aria-required=\"true\" data-invmsg=\"Name is invalid\" aria-invalid=\"false\"   aria-describedby=\"frm_desc_field_qh4icy2\" \/>\r\n    <div class=\"frm_description\" id=\"frm_desc_field_qh4icy2\">Primero<\/div>\r\n    \r\n<\/div>\n<div id=\"frm_field_39_container\" class=\"frm_form_field form-field  frm_required_field frm_hidden_container frm_half\">\r\n    <label for=\"field_ocfup12\" id=\"field_ocfup12_label\" class=\"frm_primary_label\">Ultimo\r\n        <span class=\"frm_required\" aria-hidden=\"true\">*<\/span>\r\n    <\/label>\r\n    <input  type=\"text\" id=\"field_ocfup12\" name=\"item_meta[39]\" value=\"\"  data-reqmsg=\"Last cannot be blank.\" aria-required=\"true\" data-invmsg=\"Last is invalid\" aria-invalid=\"false\"   aria-describedby=\"frm_desc_field_ocfup12\" \/>\r\n    <div class=\"frm_description\" id=\"frm_desc_field_ocfup12\">Ultimo<\/div>\r\n    \r\n<\/div>\n<div id=\"frm_field_40_container\" class=\"frm_form_field form-field  frm_required_field frm_top_container frm6 frm_first\">\r\n    <label for=\"field_29yf4d2\" id=\"field_29yf4d2_label\" class=\"frm_primary_label\">Correo electr\u00f3nico\r\n        <span class=\"frm_required\" aria-hidden=\"true\">*<\/span>\r\n    <\/label>\r\n    <input type=\"email\" id=\"field_29yf4d2\" name=\"item_meta[40]\" value=\"\"  data-reqmsg=\"Email cannot be blank.\" aria-required=\"true\" data-invmsg=\"Please enter a valid email address\" aria-invalid=\"false\"  \/>\r\n    \r\n    \r\n<\/div>\n<div id=\"frm_field_52_container\" class=\"frm_form_field form-field  frm_required_field frm_top_container frm6\">\r\n    <label for=\"field_kvt482\" id=\"field_kvt482_label\" class=\"frm_primary_label\">Tel\u00e9fono m\u00f3vil\r\n        <span class=\"frm_required\" aria-hidden=\"true\">*<\/span>\r\n    <\/label>\r\n    <input type=\"tel\" id=\"field_kvt482\" name=\"item_meta[52]\" value=\"\"  data-reqmsg=\"Mobile Phone cannot be blank.\" aria-required=\"true\" data-invmsg=\"Phone is invalid\" aria-invalid=\"false\" pattern=\"((\\+\\d{1,3}(-|.| )?\\(?\\d\\)?(-| |.)?\\d{1,5})|(\\(?\\d{2,6}\\)?))(-|.| )?(\\d{3,4})(-|.| )?(\\d{4})(( x| ext)\\d{1,5}){0,1}$\"  \/>\r\n    \r\n    \r\n<\/div>\n<div id=\"frm_field_61_container\" class=\"frm_form_field form-field  frm_required_field frm_top_container frm12 frm_first\">\r\n    <label for=\"field_e83tp2\" id=\"field_e83tp2_label\" class=\"frm_primary_label\">Raz\u00f3n para referir\r\n        <span class=\"frm_required\" aria-hidden=\"true\">*<\/span>\r\n    <\/label>\r\n    <textarea name=\"item_meta[61]\" id=\"field_e83tp2\" rows=\"5\"  data-reqmsg=\"Reason for Referral cannot be blank.\" aria-required=\"true\" data-invmsg=\"Reason for Referral is invalid\" aria-invalid=\"false\"  ><\/textarea>\r\n    \r\n    \r\n<\/div>\n<div id=\"frm_field_67_container\" class=\"frm_form_field form-field  frm_required_field frm_top_container frm12 frm_first\">\r\n    <label for=\"field_qn0c5\" id=\"field_qn0c5_label\" class=\"frm_primary_label\">\u00bfComo supiste de nosotros?\r\n        <span class=\"frm_required\" aria-hidden=\"true\">*<\/span>\r\n    <\/label>\r\n    \t\t<select name=\"item_meta[67]\" id=\"field_qn0c5\"  data-placeholder=\"Choose one\"  placeholder=\"Choose one\" data-reqmsg=\"Thank you for submitting your inquiry. We look forward to serving you soon.\" aria-required=\"true\" data-invmsg=\"How did you hear about us? is invalid\" aria-invalid=\"false\"  >\n\t\t<option  class=\"frm-select-placeholder\" value=\"\" data-placeholder=\"true\">Elige uno<\/option><option  value=\"Instagram\">Instagram<\/option><option  value=\"Facebook\">Facebook<\/option><option  value=\"Twitter\">Gorjeo<\/option><option  value=\"Google Search\">B\u00fasqueda de Google<\/option><option  value=\"Linkedin\">LinkedIn<\/option><option  value=\"TikTok\">Tik Tok<\/option>\t<\/select>\n\t\r\n    \r\n    \r\n<\/div>\n<div id=\"frm_field_78_container\" class=\"frm_form_field form-field\">\n\t<div class=\"frm_submit\">\r\n\r\n<button class=\"frm_button_submit frm_final_submit\" type=\"submit\"   formnovalidate=\"formnovalidate\">Enviar<\/button>\r\n\r\n<\/div>\n<\/div>\n\t<input type=\"hidden\" name=\"item_key\" value=\"\" \/>\n\t\t\t<div id=\"frm_field_79_container\">\n\t\t\t<label for=\"field_qveie\" >\n\t\t\t\tSi eres humano, deja este campo en blanco.\t\t\t<\/label>\n\t\t\t<input  id=\"field_qveie\" type=\"text\" class=\"frm_form_field form-field frm_verify\" name=\"item_meta[79]\" value=\"\"  \/>\n\t\t<\/div>\n\t\t<input name=\"frm_state\" type=\"hidden\" value=\"sEvQ+1Z2Ohe8zjqO12zWg3iysbKLBQaSvvtz3NxCc7Llzp35uO3OnTgg2nr8hrpi\" \/><\/div>\n<\/fieldset>\n<\/div>\n\n<input type=\"hidden\" name=\"trp-form-language\" value=\"es\"\/><\/form>\n<\/div>\n\t\t<\/div>\n\t\t\t\t<\/div>\n\t\t\t\t\t<\/div>\n\t\t<\/div>\n\t\t\t\t\t\t\t<\/div>\n\t\t<\/section>\n\t\t\t\t\t\t\t<\/div>","protected":false},"excerpt":{"rendered":"<p>\u00a1Family Solutions USA est\u00e1 aqu\u00ed para ayudarlo! Al enviar el siguiente formulario, se le conectar\u00e1 con un centro de salud mental...<\/p>","protected":false},"author":8,"featured_media":452,"parent":162,"menu_order":0,"comment_status":"closed","ping_status":"closed","template":"","meta":{"_acf_changed":false,"_monsterinsights_skip_tracking":false,"_monsterinsights_sitenote_active":false,"_monsterinsights_sitenote_note":"","_monsterinsights_sitenote_category":0,"spay_email":"","footnotes":""},"categories":[],"tags":[],"class_list":["post-37219","page","type-page","status-publish","has-post-thumbnail","hentry"],"acf":[],"yoast_head":"<!-- This site is optimized with the Yoast SEO plugin v19.3 - https:\/\/yoast.com\/wordpress\/plugins\/seo\/ -->\n<title>Get Started Today with Family Solutions USA - a Mental Health Services Provider<\/title>\n<meta name=\"robots\" content=\"index, follow, max-snippet:-1, max-image-preview:large, max-video-preview:-1\" \/>\n<link rel=\"canonical\" href=\"https:\/\/familysolutionsusa.com\/es\/contact-us\/lets-get-started\/\" \/>\n<meta property=\"og:locale\" content=\"es_MX\" \/>\n<meta property=\"og:type\" content=\"article\" \/>\n<meta property=\"og:title\" content=\"Get Started Today with Family Solutions USA - a Mental Health Services Provider\" \/>\n<meta property=\"og:description\" content=\"Family Solutions USA is here for you! By submitting the form below you will be connected to a Mental Health ...\" \/>\n<meta property=\"og:url\" content=\"https:\/\/familysolutionsusa.com\/es\/contact-us\/lets-get-started\/\" \/>\n<meta property=\"og:site_name\" content=\"Family Solutions USA\" \/>\n<meta property=\"article:modified_time\" content=\"2023-02-12T18:37:26+00:00\" \/>\n<meta property=\"og:image\" content=\"https:\/\/familysolutionsusa.com\/wp-content\/uploads\/2018\/03\/family-solutions-usa_contact-us_header_1920x800.jpg\" \/>\n\t<meta property=\"og:image:width\" content=\"1920\" \/>\n\t<meta property=\"og:image:height\" content=\"800\" \/>\n\t<meta property=\"og:image:type\" content=\"image\/jpeg\" \/>\n<meta name=\"twitter:card\" content=\"summary\" \/>\n<meta name=\"twitter:label1\" content=\"Tiempo de lectura\" \/>\n\t<meta name=\"twitter:data1\" content=\"1 minuto\" \/>\n<script type=\"application\/ld+json\" class=\"yoast-schema-graph\">{\"@context\":\"https:\/\/schema.org\",\"@graph\":[{\"@type\":\"WebSite\",\"@id\":\"https:\/\/familysolutionsusa.com\/es\/#website\",\"url\":\"https:\/\/familysolutionsusa.com\/es\/\",\"name\":\"Family Solutions USA\",\"description\":\"\",\"potentialAction\":[{\"@type\":\"SearchAction\",\"target\":{\"@type\":\"EntryPoint\",\"urlTemplate\":\"https:\/\/familysolutionsusa.com\/es\/?s={search_term_string}\"},\"query-input\":\"required name=search_term_string\"}],\"inLanguage\":\"es-MX\"},{\"@type\":\"ImageObject\",\"inLanguage\":\"es-MX\",\"@id\":\"https:\/\/familysolutionsusa.com\/contact-us\/lets-get-started\/#primaryimage\",\"url\":\"https:\/\/familysolutionsusa.com\/wp-content\/uploads\/2018\/03\/family-solutions-usa_contact-us_header_1920x800.jpg\",\"contentUrl\":\"https:\/\/familysolutionsusa.com\/wp-content\/uploads\/2018\/03\/family-solutions-usa_contact-us_header_1920x800.jpg\",\"width\":1920,\"height\":800,\"caption\":\"Happy, healthy children smiling who received behavioral health care and community integration services with Family Solutions\"},{\"@type\":\"WebPage\",\"@id\":\"https:\/\/familysolutionsusa.com\/contact-us\/lets-get-started\/\",\"url\":\"https:\/\/familysolutionsusa.com\/contact-us\/lets-get-started\/\",\"name\":\"Get Started Today with Family Solutions USA - a Mental Health Services Provider\",\"isPartOf\":{\"@id\":\"https:\/\/familysolutionsusa.com\/es\/#website\"},\"primaryImageOfPage\":{\"@id\":\"https:\/\/familysolutionsusa.com\/contact-us\/lets-get-started\/#primaryimage\"},\"datePublished\":\"2023-02-10T22:40:36+00:00\",\"dateModified\":\"2023-02-12T18:37:26+00:00\",\"breadcrumb\":{\"@id\":\"https:\/\/familysolutionsusa.com\/contact-us\/lets-get-started\/#breadcrumb\"},\"inLanguage\":\"es-MX\",\"potentialAction\":[{\"@type\":\"ReadAction\",\"target\":[\"https:\/\/familysolutionsusa.com\/contact-us\/lets-get-started\/\"]}]},{\"@type\":\"BreadcrumbList\",\"@id\":\"https:\/\/familysolutionsusa.com\/contact-us\/lets-get-started\/#breadcrumb\",\"itemListElement\":[{\"@type\":\"ListItem\",\"position\":1,\"name\":\"Home\",\"item\":\"https:\/\/familysolutionsusa.com\/\"},{\"@type\":\"ListItem\",\"position\":2,\"name\":\"Contact Us\",\"item\":\"https:\/\/familysolutionsusa.com\/contact-us\/\"},{\"@type\":\"ListItem\",\"position\":3,\"name\":\"Let&#8217;s get started!\"}]}]}<\/script>\n<!-- \/ Yoast SEO plugin. -->","yoast_head_json":{"title":"Empiece hoy mismo con Family Solutions USA, un proveedor de servicios de salud mental.","robots":{"index":"index","follow":"follow","max-snippet":"max-snippet:-1","max-image-preview":"max-image-preview:large","max-video-preview":"max-video-preview:-1"},"canonical":"https:\/\/familysolutionsusa.com\/es\/contact-us\/lets-get-started\/","og_locale":"es_MX","og_type":"article","og_title":"Get Started Today with Family Solutions USA - a Mental Health Services Provider","og_description":"Family Solutions USA is here for you! By submitting the form below you will be connected to a Mental Health ...","og_url":"https:\/\/familysolutionsusa.com\/es\/contact-us\/lets-get-started\/","og_site_name":"Family Solutions USA","article_modified_time":"2023-02-12T18:37:26+00:00","og_image":[{"width":1920,"height":800,"url":"https:\/\/familysolutionsusa.com\/wp-content\/uploads\/2018\/03\/family-solutions-usa_contact-us_header_1920x800.jpg","type":"image\/jpeg"}],"twitter_card":"summary","twitter_misc":{"Tiempo de lectura":"1 minuto"},"schema":{"@context":"https:\/\/schema.org","@graph":[{"@type":"WebSite","@id":"https:\/\/familysolutionsusa.com\/es\/#website","url":"https:\/\/familysolutionsusa.com\/es\/","name":"Soluciones familiares EE. UU.","description":"","potentialAction":[{"@type":"SearchAction","target":{"@type":"EntryPoint","urlTemplate":"https:\/\/familysolutionsusa.com\/es\/?s={search_term_string}"},"query-input":"required name=search_term_string"}],"inLanguage":"es-MX"},{"@type":"ImageObject","inLanguage":"es-MX","@id":"https:\/\/familysolutionsusa.com\/contact-us\/lets-get-started\/#primaryimage","url":"https:\/\/familysolutionsusa.com\/wp-content\/uploads\/2018\/03\/family-solutions-usa_contact-us_header_1920x800.jpg","contentUrl":"https:\/\/familysolutionsusa.com\/wp-content\/uploads\/2018\/03\/family-solutions-usa_contact-us_header_1920x800.jpg","width":1920,"height":800,"caption":"Happy, healthy children smiling who received behavioral health care and community integration services with Family Solutions"},{"@type":"WebPage","@id":"https:\/\/familysolutionsusa.com\/contact-us\/lets-get-started\/","url":"https:\/\/familysolutionsusa.com\/contact-us\/lets-get-started\/","name":"Empiece hoy mismo con Family Solutions USA, un proveedor de servicios de salud mental.","isPartOf":{"@id":"https:\/\/familysolutionsusa.com\/es\/#website"},"primaryImageOfPage":{"@id":"https:\/\/familysolutionsusa.com\/contact-us\/lets-get-started\/#primaryimage"},"datePublished":"2023-02-10T22:40:36+00:00","dateModified":"2023-02-12T18:37:26+00:00","breadcrumb":{"@id":"https:\/\/familysolutionsusa.com\/contact-us\/lets-get-started\/#breadcrumb"},"inLanguage":"es-MX","potentialAction":[{"@type":"ReadAction","target":["https:\/\/familysolutionsusa.com\/contact-us\/lets-get-started\/"]}]},{"@type":"BreadcrumbList","@id":"https:\/\/familysolutionsusa.com\/contact-us\/lets-get-started\/#breadcrumb","itemListElement":[{"@type":"ListItem","position":1,"name":"Home","item":"https:\/\/familysolutionsusa.com\/"},{"@type":"ListItem","position":2,"name":"Contact Us","item":"https:\/\/familysolutionsusa.com\/contact-us\/"},{"@type":"ListItem","position":3,"name":"Let&#8217;s get started!"}]}]}},"_links":{"self":[{"href":"https:\/\/familysolutionsusa.com\/es\/wp-json\/wp\/v2\/pages\/37219","targetHints":{"allow":["GET"]}}],"collection":[{"href":"https:\/\/familysolutionsusa.com\/es\/wp-json\/wp\/v2\/pages"}],"about":[{"href":"https:\/\/familysolutionsusa.com\/es\/wp-json\/wp\/v2\/types\/page"}],"author":[{"embeddable":true,"href":"https:\/\/familysolutionsusa.com\/es\/wp-json\/wp\/v2\/users\/8"}],"replies":[{"embeddable":true,"href":"https:\/\/familysolutionsusa.com\/es\/wp-json\/wp\/v2\/comments?post=37219"}],"version-history":[{"count":0,"href":"https:\/\/familysolutionsusa.com\/es\/wp-json\/wp\/v2\/pages\/37219\/revisions"}],"up":[{"embeddable":true,"href":"https:\/\/familysolutionsusa.com\/es\/wp-json\/wp\/v2\/pages\/162"}],"wp:featuredmedia":[{"embeddable":true,"href":"https:\/\/familysolutionsusa.com\/es\/wp-json\/wp\/v2\/media\/452"}],"wp:attachment":[{"href":"https:\/\/familysolutionsusa.com\/es\/wp-json\/wp\/v2\/media?parent=37219"}],"wp:term":[{"taxonomy":"category","embeddable":true,"href":"https:\/\/familysolutionsusa.com\/es\/wp-json\/wp\/v2\/categories?post=37219"},{"taxonomy":"post_tag","embeddable":true,"href":"https:\/\/familysolutionsusa.com\/es\/wp-json\/wp\/v2\/tags?post=37219"}],"curies":[{"name":"gracias","href":"https:\/\/api.w.org\/{rel}","templated":true}]}}