{"id":46335,"date":"2023-08-29T17:10:43","date_gmt":"2023-08-29T17:10:43","guid":{"rendered":"https:\/\/familysolutionsusa.com\/?page_id=46335"},"modified":"2026-03-20T16:55:35","modified_gmt":"2026-03-20T16:55:35","slug":"parternships","status":"publish","type":"page","link":"https:\/\/familysolutionsusa.com\/es\/parternships\/","title":{"rendered":"Asociaciones"},"content":{"rendered":"<div data-elementor-type=\"wp-page\" data-elementor-id=\"46335\" class=\"elementor elementor-46335\">\n\t\t\t\t\t\t\t\t\t<section class=\"elementor-section elementor-top-section elementor-element elementor-element-41a9b8aa elementor-section-boxed elementor-section-height-default elementor-section-height-default\" data-id=\"41a9b8aa\" data-element_type=\"section\">\n\t\t\t\t\t\t<div class=\"elementor-container elementor-column-gap-default\">\n\t\t\t\t\t<div class=\"elementor-column elementor-col-100 elementor-top-column elementor-element elementor-element-61707981\" data-id=\"61707981\" data-element_type=\"column\">\n\t\t\t<div class=\"elementor-widget-wrap elementor-element-populated\">\n\t\t\t\t\t\t\t\t<div class=\"elementor-element elementor-element-54117291 elementor-widget elementor-widget-text-editor\" data-id=\"54117291\" data-element_type=\"widget\" data-widget_type=\"text-editor.default\">\n\t\t\t\t<div class=\"elementor-widget-container\">\n\t\t\t<style>\/*! elementor - v3.6.2 - 04-04-2022 *\/\n.elementor-widget-text-editor.elementor-drop-cap-view-stacked .elementor-drop-cap{background-color:#818a91;color:#fff}.elementor-widget-text-editor.elementor-drop-cap-view-framed .elementor-drop-cap{color:#818a91;border:3px solid;background-color:transparent}.elementor-widget-text-editor:not(.elementor-drop-cap-view-default) .elementor-drop-cap{margin-top:8px}.elementor-widget-text-editor:not(.elementor-drop-cap-view-default) .elementor-drop-cap-letter{width:1em;height:1em}.elementor-widget-text-editor .elementor-drop-cap{float:left;text-align:center;line-height:1;font-size:50px}.elementor-widget-text-editor .elementor-drop-cap-letter{display:inline-block}<\/style>\t\t\t\t<p dir=\"ltr\">Family Solutions es una agencia comunitaria que brinda servicios de salud conductual a j\u00f3venes, adultos y familias en todo el pa\u00eds con un enfoque espec\u00edfico en impactar positivamente a las comunidades minoritarias. Estamos comprometidos a capacitar a personas y familias para que superen los desaf\u00edos que enfrentan y alcancen su m\u00e1ximo potencial.<\/p><p dir=\"ltr\">Creemos que las organizaciones de servicios sociales y las asociaciones comunitarias desempe\u00f1an un papel importante a la hora de conectar a las familias con los recursos que necesitan. Al asociarse con nosotros, puede ayudarnos a llegar a m\u00e1s personas necesitadas y brindarles el apoyo comunitario y de salud mental que merecen.<\/p><p dir=\"ltr\">Estos son algunos de los beneficios de asociarse con Family Solutions:<\/p><ul><li dir=\"ltr\" aria-level=\"1\"><p dir=\"ltr\" role=\"presentation\">Tenemos un historial comprobado de \u00e9xito en la prestaci\u00f3n de servicios de salud mental a comunidades minoritarias.<\/p><\/li><li dir=\"ltr\" aria-level=\"1\"><p dir=\"ltr\" role=\"presentation\">Contamos con un equipo de profesionales experimentados y calificados que se dedican a ayudar a las personas.<\/p><\/li><li dir=\"ltr\" aria-level=\"1\"><p dir=\"ltr\" role=\"presentation\">Ofrecemos una variedad de servicios para satisfacer las necesidades de individuos y familias.<\/p><\/li><li dir=\"ltr\" aria-level=\"1\"><p dir=\"ltr\" role=\"presentation\">Estamos comprometidos a brindar atenci\u00f3n culturalmente sensible y ling\u00fc\u00edsticamente apropiada.<\/p><\/li><li dir=\"ltr\" aria-level=\"1\"><p dir=\"ltr\" role=\"presentation\">Aceptamos el seguro de Medicaid para garantizar que podamos brindar servicios asequibles y accesibles.<\/p><\/li><li dir=\"ltr\" aria-level=\"1\"><p dir=\"ltr\" role=\"presentation\">Brindamos servicios en la comunidad, la oficina, la escuela y entornos virtuales.\u00a0<\/p><\/li><\/ul><p dir=\"ltr\">Si usted es una organizaci\u00f3n de servicios sociales o una parte interesada de la comunidad, lo alentamos a asociarse con Family Solutions para recomendar clientes a nuestro programa. Juntos, podemos marcar una diferencia en las vidas de las personas de nuestra comunidad.<\/p><p dir=\"ltr\">A continuaci\u00f3n se muestran algunas formas espec\u00edficas en las que una organizaci\u00f3n de servicios sociales puede asociarse con Family Solutions:<\/p><ul><li dir=\"ltr\" aria-level=\"1\"><p dir=\"ltr\" role=\"presentation\">Referir clientes a nuestro programa de servicios de salud mental.<\/p><\/li><li dir=\"ltr\" aria-level=\"1\"><p dir=\"ltr\" role=\"presentation\">Colabora con nosotros en programas y eventos conjuntos.<\/p><\/li><li dir=\"ltr\" aria-level=\"1\"><p dir=\"ltr\" role=\"presentation\">Br\u00edndenos su opini\u00f3n sobre nuestros servicios.<\/p><\/li><li dir=\"ltr\" aria-level=\"1\"><p dir=\"ltr\" role=\"presentation\">Abogue por la concientizaci\u00f3n y el apoyo sobre la salud mental en su comunidad.<\/p><\/li><\/ul><p dir=\"ltr\">Creemos que trabajando juntos podemos crear un sistema de atenci\u00f3n de salud mental m\u00e1s equitativo para todos.<\/p><p dir=\"ltr\">\u00bfListo para trabajar juntos? Env\u00ede una consulta en nuestro sitio web hoy para comenzar los primeros pasos para crear una asociaci\u00f3n beneficiosa hoy.<\/p><p dir=\"ltr\">Mejor,<\/p><p dir=\"ltr\"><strong>Tiffany Hopkins<\/strong><\/p><p dir=\"ltr\">Director de Operaciones<\/p><p dir=\"ltr\"><a href=\"https:\/\/familysolutionsusa.com\/wp-content\/uploads\/2023\/08\/family-solutions-headshot-20-e1693327336634.jpg\"><img loading=\"lazy\" decoding=\"async\" class=\"alignnone size-medium wp-image-46330\" src=\"https:\/\/familysolutionsusa.com\/wp-content\/uploads\/2023\/08\/family-solutions-headshot-20-e1693327336634-300x216.jpg\" alt=\"\" width=\"300\" height=\"216\" srcset=\"https:\/\/familysolutionsusa.com\/wp-content\/uploads\/2023\/08\/family-solutions-headshot-20-e1693327336634-300x216.jpg 300w, https:\/\/familysolutionsusa.com\/wp-content\/uploads\/2023\/08\/family-solutions-headshot-20-e1693327336634-1024x737.jpg 1024w, https:\/\/familysolutionsusa.com\/wp-content\/uploads\/2023\/08\/family-solutions-headshot-20-e1693327336634-768x553.jpg 768w, https:\/\/familysolutionsusa.com\/wp-content\/uploads\/2023\/08\/family-solutions-headshot-20-e1693327336634-18x12.jpg 18w, https:\/\/familysolutionsusa.com\/wp-content\/uploads\/2023\/08\/family-solutions-headshot-20-e1693327336634-600x432.jpg 600w, https:\/\/familysolutionsusa.com\/wp-content\/uploads\/2023\/08\/family-solutions-headshot-20-e1693327336634.jpg 1280w\" sizes=\"auto, (max-width: 300px) 100vw, 300px\" \/><\/a><\/p>\t\t\t\t\t\t<\/div>\n\t\t\t\t<\/div>\n\t\t\t\t\t<\/div>\n\t\t<\/div>\n\t\t\t\t\t\t\t<\/div>\n\t\t<\/section>\n\t\t\t\t\t\t\t<\/div>","protected":false},"excerpt":{"rendered":"<p>Family Solutions es una agencia comunitaria que brinda servicios de salud conductual a j\u00f3venes, adultos y familias en todo el pa\u00eds con un...<\/p>","protected":false},"author":8,"featured_media":318,"parent":0,"menu_order":0,"comment_status":"closed","ping_status":"closed","template":"","meta":{"_acf_changed":false,"_monsterinsights_skip_tracking":false,"_monsterinsights_sitenote_active":false,"_monsterinsights_sitenote_note":"","_monsterinsights_sitenote_category":0,"spay_email":"","footnotes":""},"categories":[],"tags":[],"class_list":["post-46335","page","type-page","status-publish","has-post-thumbnail","hentry"],"acf":[],"yoast_head":"<!-- This site is optimized with the Yoast SEO plugin v19.3 - https:\/\/yoast.com\/wordpress\/plugins\/seo\/ -->\n<title>Explore Business Partnerships with Family Solutions, A Mental Health Service Providers<\/title>\n<meta name=\"robots\" content=\"index, follow, max-snippet:-1, max-image-preview:large, max-video-preview:-1\" \/>\n<link rel=\"canonical\" href=\"https:\/\/familysolutionsusa.com\/es\/parternships\/\" \/>\n<meta property=\"og:locale\" content=\"es_MX\" \/>\n<meta property=\"og:type\" content=\"article\" \/>\n<meta property=\"og:title\" content=\"Explore Business Partnerships with Family Solutions, A Mental Health Service Providers\" \/>\n<meta property=\"og:description\" content=\"Family Solutions is a community based agency that provides behavioral health services to youth, adults and families nationwide with a ...\" \/>\n<meta property=\"og:url\" content=\"https:\/\/familysolutionsusa.com\/es\/parternships\/\" \/>\n<meta property=\"og:site_name\" content=\"Family Solutions USA\" \/>\n<meta property=\"article:modified_time\" content=\"2026-03-20T16:55:35+00:00\" \/>\n<meta property=\"og:image\" content=\"https:\/\/familysolutionsusa.com\/wp-content\/uploads\/2017\/12\/family-solutions_header_careers_1920x800.jpg\" \/>\n\t<meta property=\"og:image:width\" content=\"1920\" \/>\n\t<meta property=\"og:image:height\" content=\"800\" \/>\n\t<meta property=\"og:image:type\" content=\"image\/jpeg\" \/>\n<meta name=\"twitter:card\" content=\"summary\" \/>\n<meta name=\"twitter:label1\" content=\"Tiempo de lectura\" \/>\n\t<meta name=\"twitter:data1\" content=\"2 minutos\" \/>\n<script type=\"application\/ld+json\" class=\"yoast-schema-graph\">{\"@context\":\"https:\/\/schema.org\",\"@graph\":[{\"@type\":\"WebSite\",\"@id\":\"https:\/\/familysolutionsusa.com\/es\/#website\",\"url\":\"https:\/\/familysolutionsusa.com\/es\/\",\"name\":\"Family Solutions USA\",\"description\":\"\",\"potentialAction\":[{\"@type\":\"SearchAction\",\"target\":{\"@type\":\"EntryPoint\",\"urlTemplate\":\"https:\/\/familysolutionsusa.com\/es\/?s={search_term_string}\"},\"query-input\":\"required name=search_term_string\"}],\"inLanguage\":\"es-MX\"},{\"@type\":\"ImageObject\",\"inLanguage\":\"es-MX\",\"@id\":\"https:\/\/familysolutionsusa.com\/parternships\/#primaryimage\",\"url\":\"https:\/\/familysolutionsusa.com\/wp-content\/uploads\/2017\/12\/family-solutions_header_careers_1920x800.jpg\",\"contentUrl\":\"https:\/\/familysolutionsusa.com\/wp-content\/uploads\/2017\/12\/family-solutions_header_careers_1920x800.jpg\",\"width\":1920,\"height\":800,\"caption\":\"Person smiling while applying for a career in behavioral healthcare at Family Solutions\"},{\"@type\":\"WebPage\",\"@id\":\"https:\/\/familysolutionsusa.com\/parternships\/\",\"url\":\"https:\/\/familysolutionsusa.com\/parternships\/\",\"name\":\"Explore Business Partnerships with Family Solutions, A Mental Health Service Providers\",\"isPartOf\":{\"@id\":\"https:\/\/familysolutionsusa.com\/es\/#website\"},\"primaryImageOfPage\":{\"@id\":\"https:\/\/familysolutionsusa.com\/parternships\/#primaryimage\"},\"datePublished\":\"2023-08-29T17:10:43+00:00\",\"dateModified\":\"2026-03-20T16:55:35+00:00\",\"breadcrumb\":{\"@id\":\"https:\/\/familysolutionsusa.com\/parternships\/#breadcrumb\"},\"inLanguage\":\"es-MX\",\"potentialAction\":[{\"@type\":\"ReadAction\",\"target\":[\"https:\/\/familysolutionsusa.com\/parternships\/\"]}]},{\"@type\":\"BreadcrumbList\",\"@id\":\"https:\/\/familysolutionsusa.com\/parternships\/#breadcrumb\",\"itemListElement\":[{\"@type\":\"ListItem\",\"position\":1,\"name\":\"Home\",\"item\":\"https:\/\/familysolutionsusa.com\/\"},{\"@type\":\"ListItem\",\"position\":2,\"name\":\"Partnerships\"}]}]}<\/script>\n<!-- \/ Yoast SEO plugin. -->","yoast_head_json":{"title":"Explore las alianzas comerciales con Family Solutions, un proveedor de servicios de salud mental","robots":{"index":"index","follow":"follow","max-snippet":"max-snippet:-1","max-image-preview":"max-image-preview:large","max-video-preview":"max-video-preview:-1"},"canonical":"https:\/\/familysolutionsusa.com\/es\/parternships\/","og_locale":"es_MX","og_type":"article","og_title":"Explore Business Partnerships with Family Solutions, A Mental Health Service Providers","og_description":"Family Solutions is a community based agency that provides behavioral health services to youth, adults and families nationwide with a ...","og_url":"https:\/\/familysolutionsusa.com\/es\/parternships\/","og_site_name":"Family Solutions USA","article_modified_time":"2026-03-20T16:55:35+00:00","og_image":[{"width":1920,"height":800,"url":"https:\/\/familysolutionsusa.com\/wp-content\/uploads\/2017\/12\/family-solutions_header_careers_1920x800.jpg","type":"image\/jpeg"}],"twitter_card":"summary","twitter_misc":{"Tiempo de lectura":"2 minutos"},"schema":{"@context":"https:\/\/schema.org","@graph":[{"@type":"WebSite","@id":"https:\/\/familysolutionsusa.com\/es\/#website","url":"https:\/\/familysolutionsusa.com\/es\/","name":"Soluciones familiares EE. UU.","description":"","potentialAction":[{"@type":"SearchAction","target":{"@type":"EntryPoint","urlTemplate":"https:\/\/familysolutionsusa.com\/es\/?s={search_term_string}"},"query-input":"required name=search_term_string"}],"inLanguage":"es-MX"},{"@type":"ImageObject","inLanguage":"es-MX","@id":"https:\/\/familysolutionsusa.com\/parternships\/#primaryimage","url":"https:\/\/familysolutionsusa.com\/wp-content\/uploads\/2017\/12\/family-solutions_header_careers_1920x800.jpg","contentUrl":"https:\/\/familysolutionsusa.com\/wp-content\/uploads\/2017\/12\/family-solutions_header_careers_1920x800.jpg","width":1920,"height":800,"caption":"Person smiling while applying for a career in behavioral healthcare at Family Solutions"},{"@type":"WebPage","@id":"https:\/\/familysolutionsusa.com\/parternships\/","url":"https:\/\/familysolutionsusa.com\/parternships\/","name":"Explore las alianzas comerciales con Family Solutions, un proveedor de servicios de salud mental","isPartOf":{"@id":"https:\/\/familysolutionsusa.com\/es\/#website"},"primaryImageOfPage":{"@id":"https:\/\/familysolutionsusa.com\/parternships\/#primaryimage"},"datePublished":"2023-08-29T17:10:43+00:00","dateModified":"2026-03-20T16:55:35+00:00","breadcrumb":{"@id":"https:\/\/familysolutionsusa.com\/parternships\/#breadcrumb"},"inLanguage":"es-MX","potentialAction":[{"@type":"ReadAction","target":["https:\/\/familysolutionsusa.com\/parternships\/"]}]},{"@type":"BreadcrumbList","@id":"https:\/\/familysolutionsusa.com\/parternships\/#breadcrumb","itemListElement":[{"@type":"ListItem","position":1,"name":"Home","item":"https:\/\/familysolutionsusa.com\/"},{"@type":"ListItem","position":2,"name":"Partnerships"}]}]}},"_links":{"self":[{"href":"https:\/\/familysolutionsusa.com\/es\/wp-json\/wp\/v2\/pages\/46335","targetHints":{"allow":["GET"]}}],"collection":[{"href":"https:\/\/familysolutionsusa.com\/es\/wp-json\/wp\/v2\/pages"}],"about":[{"href":"https:\/\/familysolutionsusa.com\/es\/wp-json\/wp\/v2\/types\/page"}],"author":[{"embeddable":true,"href":"https:\/\/familysolutionsusa.com\/es\/wp-json\/wp\/v2\/users\/8"}],"replies":[{"embeddable":true,"href":"https:\/\/familysolutionsusa.com\/es\/wp-json\/wp\/v2\/comments?post=46335"}],"version-history":[{"count":0,"href":"https:\/\/familysolutionsusa.com\/es\/wp-json\/wp\/v2\/pages\/46335\/revisions"}],"wp:featuredmedia":[{"embeddable":true,"href":"https:\/\/familysolutionsusa.com\/es\/wp-json\/wp\/v2\/media\/318"}],"wp:attachment":[{"href":"https:\/\/familysolutionsusa.com\/es\/wp-json\/wp\/v2\/media?parent=46335"}],"wp:term":[{"taxonomy":"category","embeddable":true,"href":"https:\/\/familysolutionsusa.com\/es\/wp-json\/wp\/v2\/categories?post=46335"},{"taxonomy":"post_tag","embeddable":true,"href":"https:\/\/familysolutionsusa.com\/es\/wp-json\/wp\/v2\/tags?post=46335"}],"curies":[{"name":"gracias","href":"https:\/\/api.w.org\/{rel}","templated":true}]}}