{"id":78824,"date":"2025-12-02T18:29:10","date_gmt":"2025-12-02T18:29:10","guid":{"rendered":"https:\/\/familysolutionsusa.com\/?page_id=78824"},"modified":"2025-12-04T21:26:52","modified_gmt":"2025-12-04T21:26:52","slug":"fs-client-rights","status":"publish","type":"page","link":"https:\/\/familysolutionsusa.com\/es\/fs-client-rights\/","title":{"rendered":"Paquete de orientaci\u00f3n y derechos del cliente"},"content":{"rendered":"<div data-elementor-type=\"wp-page\" data-elementor-id=\"78824\" class=\"elementor elementor-78824\">\n\t\t\t\t\t\t\t\t\t<section class=\"elementor-section elementor-top-section elementor-element elementor-element-d7c2d77 elementor-section-boxed elementor-section-height-default elementor-section-height-default\" data-id=\"d7c2d77\" data-element_type=\"section\">\n\t\t\t\t\t\t<div class=\"elementor-container elementor-column-gap-default\">\n\t\t\t\t\t<div class=\"elementor-column elementor-col-100 elementor-top-column elementor-element elementor-element-c82fab3\" data-id=\"c82fab3\" data-element_type=\"column\">\n\t\t\t<div class=\"elementor-widget-wrap elementor-element-populated\">\n\t\t\t\t\t\t\t\t<div class=\"elementor-element elementor-element-ae8bd98 elementor-widget elementor-widget-text-editor\" data-id=\"ae8bd98\" data-element_type=\"widget\" data-widget_type=\"text-editor.default\">\n\t\t\t\t<div class=\"elementor-widget-container\">\n\t\t\t<style>\/*! elementor - v3.6.2 - 04-04-2022 *\/\n.elementor-widget-text-editor.elementor-drop-cap-view-stacked .elementor-drop-cap{background-color:#818a91;color:#fff}.elementor-widget-text-editor.elementor-drop-cap-view-framed .elementor-drop-cap{color:#818a91;border:3px solid;background-color:transparent}.elementor-widget-text-editor:not(.elementor-drop-cap-view-default) .elementor-drop-cap{margin-top:8px}.elementor-widget-text-editor:not(.elementor-drop-cap-view-default) .elementor-drop-cap-letter{width:1em;height:1em}.elementor-widget-text-editor .elementor-drop-cap{float:left;text-align:center;line-height:1;font-size:50px}.elementor-widget-text-editor .elementor-drop-cap-letter{display:inline-block}<\/style>\t\t\t\t<h1 style=\"text-align: center;\">Conozca sus derechos \u2013 Manual de derechos del cliente de Family Solutions<\/h1>\t\t\t\t\t\t<\/div>\n\t\t\t\t<\/div>\n\t\t\t\t\t<\/div>\n\t\t<\/div>\n\t\t\t\t\t\t\t<\/div>\n\t\t<\/section>\n\t\t\t\t<section class=\"elementor-section elementor-top-section elementor-element elementor-element-723ecb6 elementor-section-boxed elementor-section-height-default elementor-section-height-default\" data-id=\"723ecb6\" data-element_type=\"section\">\n\t\t\t\t\t\t<div class=\"elementor-container elementor-column-gap-default\">\n\t\t\t\t\t<div class=\"elementor-column elementor-col-100 elementor-top-column elementor-element elementor-element-6d8c972\" data-id=\"6d8c972\" data-element_type=\"column\">\n\t\t\t<div class=\"elementor-widget-wrap elementor-element-populated\">\n\t\t\t\t\t\t\t\t<div class=\"elementor-element elementor-element-1ff27c0 elementor-widget elementor-widget-html\" data-id=\"1ff27c0\" data-element_type=\"widget\" data-widget_type=\"html.default\">\n\t\t\t\t<div class=\"elementor-widget-container\">\n\t\t\t<link rel=\"stylesheet\" href=\"https:\/\/cdnjs.cloudflare.com\/ajax\/libs\/font-awesome\/6.5.0\/css\/all.min.css\">\r\n\r\n<div style=\"display:flex; flex-wrap:wrap; justify-content:center; gap:20px; margin-top:20px;\">\r\n\r\n    <!-- OHIO -->\r\n    <a href=\"https:\/\/acrobat.adobe.com\/id\/urn:aaid:sc:US:daa5e4d8-db6e-4d00-8ccf-cff8e601da3a\" class=\"state-button\">\r\n        <i class=\"fa-solid fa-file-shield\"><\/i>\r\n        <span>Manual de derechos del cliente de Ohio<\/span>\r\n    <\/a>\r\n\r\n    <!-- ILLINOIS -->\r\n    <a href=\"https:\/\/acrobat.adobe.com\/id\/urn:aaid:sc:US:c380d300-2805-45e5-96ef-2d2c4b754a23\" class=\"state-button\">\r\n        <i class=\"fa-solid fa-file-shield\"><\/i>\r\n        <span>Manual de derechos del cliente de Illinois<\/span>\r\n    <\/a>\r\n\r\n    <!-- TEXAS -->\r\n    <a href=\"https:\/\/acrobat.adobe.com\/id\/urn:aaid:sc:US:28169b28-beea-4807-a327-285898e27c91\" class=\"state-button\">\r\n        <i class=\"fa-solid fa-file-shield\"><\/i>\r\n        <span>Manual de derechos del cliente de Texas<\/span>\r\n    <\/a>\r\n\r\n<\/div>\r\n\r\n<style>\r\n.state-button {\r\n    display:flex;\r\n    flex-direction:column;\r\n    align-items:center;\r\n    text-align:center;\r\n    gap:12px;\r\n    padding:20px 24px;\r\n    background-color:#6B2C91; \/* Family Solutions Purple *\/\r\n    color:#fff;\r\n    text-decoration:none;\r\n    border-radius:12px;\r\n    font-weight:600;\r\n    width:260px;\r\n    transition:0.3s ease;\r\n}\r\n\r\n.state-button i {\r\n    font-size:36px;\r\n}\r\n\r\n.state-button:hover {\r\n    background-color:#5a227a;\r\n    transform:translateY(-3px);\r\n}\r\n<\/style>\r\n\t\t<\/div>\n\t\t\t\t<\/div>\n\t\t\t\t\t<\/div>\n\t\t<\/div>\n\t\t\t\t\t\t\t<\/div>\n\t\t<\/section>\n\t\t\t\t<section class=\"elementor-section elementor-top-section elementor-element elementor-element-61e21641 elementor-section-boxed elementor-section-height-default elementor-section-height-default\" data-id=\"61e21641\" data-element_type=\"section\">\n\t\t\t\t\t\t<div class=\"elementor-container elementor-column-gap-default\">\n\t\t\t\t\t<div class=\"elementor-column elementor-col-100 elementor-top-column elementor-element elementor-element-1ebd9d07\" data-id=\"1ebd9d07\" data-element_type=\"column\">\n\t\t\t<div class=\"elementor-widget-wrap elementor-element-populated\">\n\t\t\t\t\t\t\t\t<div class=\"elementor-element elementor-element-4d5f6358 elementor-widget elementor-widget-text-editor\" data-id=\"4d5f6358\" data-element_type=\"widget\" data-widget_type=\"text-editor.default\">\n\t\t\t\t<div class=\"elementor-widget-container\">\n\t\t\t\t\t\t\t<p><span style=\"font-size: 18pt;\"><strong><span style=\"font-family: georgia, palatino, serif;\">Conozca sus derechos \u2013 Manual de derechos del cliente de Family Solutions<\/span><\/strong><\/span><\/p>\n<p data-start=\"280\" data-end=\"308\">\u00a1Bienvenido a Family Solutions!<\/p>\n<p data-start=\"310\" data-end=\"591\">En Family Solutions, nos comprometemos a brindar servicios de salud conductual compasivos, \u00e9ticos y de alta calidad. Como parte de ese compromiso, cada cliente y familiar merece comprender plenamente... <strong data-start=\"518\" data-end=\"569\">sus derechos, responsabilidades y protecciones<\/strong> mientras recibe atenci\u00f3n.<\/p>\n<p data-start=\"593\" data-end=\"921\">Esta p\u00e1gina proporciona acceso digital a la <strong data-start=\"634\" data-end=\"660\">Manual de derechos del cliente<\/strong>, que describe las pol\u00edticas, salvaguardas y expectativas esenciales que gu\u00edan su experiencia de tratamiento. Cada manual es espec\u00edfico para el <strong data-start=\"797\" data-end=\"823\">estado y entidad jur\u00eddica<\/strong> donde recibe servicios, garantizando el cumplimiento de todos los requisitos estatales, federales y de la agencia.<\/p>\n<h2 data-start=\"928\" data-end=\"957\"><strong data-start=\"931\" data-end=\"957\">Por qu\u00e9 sus derechos son importantes<\/strong><\/h2>\n<p data-start=\"959\" data-end=\"998\">Comprender sus derechos garantiza que:<\/p>\n<ul data-start=\"1000\" data-end=\"1260\">\n<li data-start=\"1000\" data-end=\"1062\">\n<p data-start=\"1002\" data-end=\"1062\">Se le trata con dignidad, respeto y profesionalismo.<\/p>\n<\/li>\n<li data-start=\"1063\" data-end=\"1121\">\n<p data-start=\"1065\" data-end=\"1121\">Su privacidad e informaci\u00f3n personal permanecen protegidas<\/p>\n<\/li>\n<li data-start=\"1122\" data-end=\"1189\">\n<p data-start=\"1124\" data-end=\"1189\">Tienes una voz clara en la planificaci\u00f3n y las decisiones de tu tratamiento.<\/p>\n<\/li>\n<li data-start=\"1190\" data-end=\"1260\">\n<p data-start=\"1192\" data-end=\"1260\">Usted sabe qu\u00e9 esperar de nuestro personal y qu\u00e9 esperamos de usted.<\/p>\n<\/li>\n<\/ul>\n<p data-start=\"1262\" data-end=\"1454\">Estas protecciones reflejan el compromiso de nuestra agencia con la pr\u00e1ctica \u00e9tica, la atenci\u00f3n centrada en el cliente y el cumplimiento de todas las pautas rectoras a las que se hace referencia en el Manual de Orientaci\u00f3n al Cliente.<\/p>\n<h2 data-start=\"1461\" data-end=\"1502\"><strong data-start=\"1464\" data-end=\"1502\">Elija el manual para su estado<\/strong><\/h2>\n<p data-start=\"1504\" data-end=\"1653\">Revise el Manual de Derechos del Cliente correspondiente al estado donde reside y recibe los servicios. Cada manual incluye informaci\u00f3n sobre:<\/p>\n<ul data-start=\"1655\" data-end=\"1973\">\n<li data-start=\"1655\" data-end=\"1691\">\n<p data-start=\"1657\" data-end=\"1691\">Derechos y responsabilidades del cliente<\/p>\n<\/li>\n<li data-start=\"1692\" data-end=\"1732\">\n<p data-start=\"1694\" data-end=\"1732\">Pol\u00edticas de confidencialidad y privacidad<\/p>\n<\/li>\n<li data-start=\"1733\" data-end=\"1754\">\n<p data-start=\"1735\" data-end=\"1754\">Procedimientos de crisis<\/p>\n<\/li>\n<li data-start=\"1755\" data-end=\"1785\">\n<p data-start=\"1757\" data-end=\"1785\">Denuncia de abuso o negligencia<\/p>\n<\/li>\n<li data-start=\"1786\" data-end=\"1820\">\n<p data-start=\"1788\" data-end=\"1820\">Pol\u00edticas de aislamiento y restricci\u00f3n<\/p>\n<\/li>\n<li data-start=\"1821\" data-end=\"1855\">\n<p data-start=\"1823\" data-end=\"1855\">Normas de seguridad y emergencia<\/p>\n<\/li>\n<li data-start=\"1856\" data-end=\"1904\">\n<p data-start=\"1858\" data-end=\"1904\">Procesos de quejas, reclamos y apelaciones<\/p>\n<\/li>\n<li data-start=\"1905\" data-end=\"1950\">\n<p data-start=\"1907\" data-end=\"1950\">Expectativas de tratamiento y c\u00f3digo \u00e9tico<\/p>\n<\/li>\n<li data-start=\"1951\" data-end=\"1973\">\n<p data-start=\"1953\" data-end=\"1973\">Recursos de defensa<\/p>\n<\/li>\n<\/ul>\n<h2 data-start=\"1980\" data-end=\"2018\"><strong data-start=\"1983\" data-end=\"2018\">Su consentimiento y reconocimiento<\/strong><\/h2>\n<p data-start=\"2020\" data-end=\"2238\">Durante tu <strong data-start=\"2032\" data-end=\"2067\">proceso de admisi\u00f3n y reevaluaci\u00f3n<\/strong>Recibir\u00e1 un formulario de consentimiento electr\u00f3nico que confirma que ha revisado el manual espec\u00edfico de su estado.<br data-start=\"2176\" data-end=\"2179\" \/>Este reconocimiento garantiza que usted ha sido informado de:<\/p>\n<ul data-start=\"2240\" data-end=\"2346\">\n<li data-start=\"2240\" data-end=\"2255\">\n<p data-start=\"2242\" data-end=\"2255\">Sus derechos<\/p>\n<\/li>\n<li data-start=\"2256\" data-end=\"2281\">\n<p data-start=\"2258\" data-end=\"2281\">Tus responsabilidades<\/p>\n<\/li>\n<li data-start=\"2282\" data-end=\"2305\">\n<p data-start=\"2284\" data-end=\"2305\">Pol\u00edticas clave de la agencia<\/p>\n<\/li>\n<li data-start=\"2306\" data-end=\"2346\">\n<p data-start=\"2308\" data-end=\"2346\">C\u00f3mo buscar apoyo o presentar inquietudes<\/p>\n<\/li>\n<\/ul>\n<h2 data-start=\"2353\" data-end=\"2376\"><strong data-start=\"2356\" data-end=\"2376\">\u00bfNecesita ayuda?<\/strong><\/h2>\n<p data-start=\"2378\" data-end=\"2534\">Si tiene alguna pregunta sobre sus derechos, pol\u00edticas o cualquier parte del manual, comun\u00edquese con su administrador local de Family Solutions o env\u00edenos un correo electr\u00f3nico a:<\/p>\n<p data-start=\"2536\" data-end=\"2573\">\ud83d\udce7 <strong data-start=\"2539\" data-end=\"2573\"><a class=\"decorated-link cursor-pointer\" rel=\"noopener\" data-start=\"2541\" data-end=\"2571\">support@familysolutionsusa.com<\/a><\/strong><\/p>\n<p data-start=\"2575\" data-end=\"2665\">Nuestro equipo est\u00e1 aqu\u00ed para ayudarle a sentirse informado, apoyado y empoderado durante toda su atenci\u00f3n.<\/p>\t\t\t\t\t\t<\/div>\n\t\t\t\t<\/div>\n\t\t\t\t\t<\/div>\n\t\t<\/div>\n\t\t\t\t\t\t\t<\/div>\n\t\t<\/section>\n\t\t\t\t\t\t\t<\/div>","protected":false},"excerpt":{"rendered":"<p>Conozca sus derechos \u2013 Manual de derechos del cliente de Family Solutions Manual de derechos del cliente de Ohio Manual de derechos del cliente de Illinois Manual de derechos del cliente de Texas\u2026<\/p>","protected":false},"author":8,"featured_media":447,"parent":0,"menu_order":0,"comment_status":"closed","ping_status":"closed","template":"","meta":{"_acf_changed":false,"_monsterinsights_skip_tracking":false,"_monsterinsights_sitenote_active":false,"_monsterinsights_sitenote_note":"","_monsterinsights_sitenote_category":0,"spay_email":"","footnotes":""},"categories":[],"tags":[],"class_list":["post-78824","page","type-page","status-publish","has-post-thumbnail","hentry"],"acf":[],"yoast_head":"<!-- This site is optimized with the Yoast SEO plugin v19.3 - https:\/\/yoast.com\/wordpress\/plugins\/seo\/ -->\n<title>Learn About the Behavioral and Mental Health Services Offered by Family Solutions USA<\/title>\n<meta name=\"robots\" content=\"index, follow, max-snippet:-1, max-image-preview:large, max-video-preview:-1\" \/>\n<link rel=\"canonical\" href=\"https:\/\/familysolutionsusa.com\/es\/fs-client-rights\/\" \/>\n<meta property=\"og:locale\" content=\"es_MX\" \/>\n<meta property=\"og:type\" content=\"article\" \/>\n<meta property=\"og:title\" content=\"Learn About the Behavioral and Mental Health Services Offered by Family Solutions USA\" \/>\n<meta property=\"og:description\" content=\"Know Your Rights \u2013 Family Solutions Client Rights Handbook Ohio Client Rights Handbook Illinois Client Rights Handbook Texas Client Rights ...\" \/>\n<meta property=\"og:url\" content=\"https:\/\/familysolutionsusa.com\/es\/fs-client-rights\/\" \/>\n<meta property=\"og:site_name\" content=\"Family Solutions USA\" \/>\n<meta property=\"article:modified_time\" content=\"2025-12-04T21:26:52+00:00\" \/>\n<meta property=\"og:image\" content=\"https:\/\/familysolutionsusa.com\/wp-content\/uploads\/2018\/03\/family-solutions-usa_services_header_1920x800_updated.jpg\" \/>\n\t<meta property=\"og:image:width\" content=\"1920\" \/>\n\t<meta property=\"og:image:height\" content=\"800\" \/>\n\t<meta property=\"og:image:type\" content=\"image\/jpeg\" \/>\n<meta name=\"twitter:card\" content=\"summary\" \/>\n<meta name=\"twitter:label1\" content=\"Tiempo de lectura\" \/>\n\t<meta name=\"twitter:data1\" content=\"2 minutos\" \/>\n<script type=\"application\/ld+json\" class=\"yoast-schema-graph\">{\"@context\":\"https:\/\/schema.org\",\"@graph\":[{\"@type\":\"WebSite\",\"@id\":\"https:\/\/familysolutionsusa.com\/es\/#website\",\"url\":\"https:\/\/familysolutionsusa.com\/es\/\",\"name\":\"Family Solutions USA\",\"description\":\"\",\"potentialAction\":[{\"@type\":\"SearchAction\",\"target\":{\"@type\":\"EntryPoint\",\"urlTemplate\":\"https:\/\/familysolutionsusa.com\/es\/?s={search_term_string}\"},\"query-input\":\"required name=search_term_string\"}],\"inLanguage\":\"es-MX\"},{\"@type\":\"ImageObject\",\"inLanguage\":\"es-MX\",\"@id\":\"https:\/\/familysolutionsusa.com\/fs-client-rights\/#primaryimage\",\"url\":\"https:\/\/familysolutionsusa.com\/wp-content\/uploads\/2018\/03\/family-solutions-usa_services_header_1920x800_updated.jpg\",\"contentUrl\":\"https:\/\/familysolutionsusa.com\/wp-content\/uploads\/2018\/03\/family-solutions-usa_services_header_1920x800_updated.jpg\",\"width\":1920,\"height\":800,\"caption\":\"Happy, healthy children playing together who received community integration services with Family Solutions\"},{\"@type\":\"WebPage\",\"@id\":\"https:\/\/familysolutionsusa.com\/fs-client-rights\/\",\"url\":\"https:\/\/familysolutionsusa.com\/fs-client-rights\/\",\"name\":\"Learn About the Behavioral and Mental Health Services Offered by Family Solutions USA\",\"isPartOf\":{\"@id\":\"https:\/\/familysolutionsusa.com\/es\/#website\"},\"primaryImageOfPage\":{\"@id\":\"https:\/\/familysolutionsusa.com\/fs-client-rights\/#primaryimage\"},\"datePublished\":\"2025-12-02T18:29:10+00:00\",\"dateModified\":\"2025-12-04T21:26:52+00:00\",\"breadcrumb\":{\"@id\":\"https:\/\/familysolutionsusa.com\/fs-client-rights\/#breadcrumb\"},\"inLanguage\":\"es-MX\",\"potentialAction\":[{\"@type\":\"ReadAction\",\"target\":[\"https:\/\/familysolutionsusa.com\/fs-client-rights\/\"]}]},{\"@type\":\"BreadcrumbList\",\"@id\":\"https:\/\/familysolutionsusa.com\/fs-client-rights\/#breadcrumb\",\"itemListElement\":[{\"@type\":\"ListItem\",\"position\":1,\"name\":\"Home\",\"item\":\"https:\/\/familysolutionsusa.com\/\"},{\"@type\":\"ListItem\",\"position\":2,\"name\":\"Client Orientation and Rights Packet\"}]}]}<\/script>\n<!-- \/ Yoast SEO plugin. -->","yoast_head_json":{"title":"Conozca los servicios de salud mental y conductual que ofrece Family Solutions USA","robots":{"index":"index","follow":"follow","max-snippet":"max-snippet:-1","max-image-preview":"max-image-preview:large","max-video-preview":"max-video-preview:-1"},"canonical":"https:\/\/familysolutionsusa.com\/es\/fs-client-rights\/","og_locale":"es_MX","og_type":"article","og_title":"Learn About the Behavioral and Mental Health Services Offered by Family Solutions USA","og_description":"Know Your Rights \u2013 Family Solutions Client Rights Handbook Ohio Client Rights Handbook Illinois Client Rights Handbook Texas Client Rights ...","og_url":"https:\/\/familysolutionsusa.com\/es\/fs-client-rights\/","og_site_name":"Family Solutions USA","article_modified_time":"2025-12-04T21:26:52+00:00","og_image":[{"width":1920,"height":800,"url":"https:\/\/familysolutionsusa.com\/wp-content\/uploads\/2018\/03\/family-solutions-usa_services_header_1920x800_updated.jpg","type":"image\/jpeg"}],"twitter_card":"summary","twitter_misc":{"Tiempo de lectura":"2 minutos"},"schema":{"@context":"https:\/\/schema.org","@graph":[{"@type":"WebSite","@id":"https:\/\/familysolutionsusa.com\/es\/#website","url":"https:\/\/familysolutionsusa.com\/es\/","name":"Soluciones familiares EE. UU.","description":"","potentialAction":[{"@type":"SearchAction","target":{"@type":"EntryPoint","urlTemplate":"https:\/\/familysolutionsusa.com\/es\/?s={search_term_string}"},"query-input":"required name=search_term_string"}],"inLanguage":"es-MX"},{"@type":"ImageObject","inLanguage":"es-MX","@id":"https:\/\/familysolutionsusa.com\/fs-client-rights\/#primaryimage","url":"https:\/\/familysolutionsusa.com\/wp-content\/uploads\/2018\/03\/family-solutions-usa_services_header_1920x800_updated.jpg","contentUrl":"https:\/\/familysolutionsusa.com\/wp-content\/uploads\/2018\/03\/family-solutions-usa_services_header_1920x800_updated.jpg","width":1920,"height":800,"caption":"Happy, healthy children playing together who received community integration services with Family Solutions"},{"@type":"WebPage","@id":"https:\/\/familysolutionsusa.com\/fs-client-rights\/","url":"https:\/\/familysolutionsusa.com\/fs-client-rights\/","name":"Conozca los servicios de salud mental y conductual que ofrece Family Solutions USA","isPartOf":{"@id":"https:\/\/familysolutionsusa.com\/es\/#website"},"primaryImageOfPage":{"@id":"https:\/\/familysolutionsusa.com\/fs-client-rights\/#primaryimage"},"datePublished":"2025-12-02T18:29:10+00:00","dateModified":"2025-12-04T21:26:52+00:00","breadcrumb":{"@id":"https:\/\/familysolutionsusa.com\/fs-client-rights\/#breadcrumb"},"inLanguage":"es-MX","potentialAction":[{"@type":"ReadAction","target":["https:\/\/familysolutionsusa.com\/fs-client-rights\/"]}]},{"@type":"BreadcrumbList","@id":"https:\/\/familysolutionsusa.com\/fs-client-rights\/#breadcrumb","itemListElement":[{"@type":"ListItem","position":1,"name":"Home","item":"https:\/\/familysolutionsusa.com\/"},{"@type":"ListItem","position":2,"name":"Client Orientation and Rights Packet"}]}]}},"_links":{"self":[{"href":"https:\/\/familysolutionsusa.com\/es\/wp-json\/wp\/v2\/pages\/78824","targetHints":{"allow":["GET"]}}],"collection":[{"href":"https:\/\/familysolutionsusa.com\/es\/wp-json\/wp\/v2\/pages"}],"about":[{"href":"https:\/\/familysolutionsusa.com\/es\/wp-json\/wp\/v2\/types\/page"}],"author":[{"embeddable":true,"href":"https:\/\/familysolutionsusa.com\/es\/wp-json\/wp\/v2\/users\/8"}],"replies":[{"embeddable":true,"href":"https:\/\/familysolutionsusa.com\/es\/wp-json\/wp\/v2\/comments?post=78824"}],"version-history":[{"count":0,"href":"https:\/\/familysolutionsusa.com\/es\/wp-json\/wp\/v2\/pages\/78824\/revisions"}],"wp:featuredmedia":[{"embeddable":true,"href":"https:\/\/familysolutionsusa.com\/es\/wp-json\/wp\/v2\/media\/447"}],"wp:attachment":[{"href":"https:\/\/familysolutionsusa.com\/es\/wp-json\/wp\/v2\/media?parent=78824"}],"wp:term":[{"taxonomy":"category","embeddable":true,"href":"https:\/\/familysolutionsusa.com\/es\/wp-json\/wp\/v2\/categories?post=78824"},{"taxonomy":"post_tag","embeddable":true,"href":"https:\/\/familysolutionsusa.com\/es\/wp-json\/wp\/v2\/tags?post=78824"}],"curies":[{"name":"gracias","href":"https:\/\/api.w.org\/{rel}","templated":true}]}}